{"id":58581,"date":"2017-05-04T11:56:07","date_gmt":"2017-05-04T11:56:07","guid":{"rendered":"http:\/\/www.artemandoline.com\/mari-fe-pavon\/"},"modified":"2017-07-20T11:14:32","modified_gmt":"2017-07-20T11:14:32","slug":"mari-fe-pavon","status":"publish","type":"page","link":"https:\/\/www.artemandoline.com\/en\/mari-fe-pavon\/","title":{"rendered":"Mari Fe Pav\u00f3n"},"content":{"rendered":"<p>[vc_row row_height_percent=&#8221;0&#8243; override_padding=&#8221;yes&#8221; h_padding=&#8221;2&#8243; top_padding=&#8221;5&#8243; bottom_padding=&#8221;5&#8243; back_color=&#8221;color-lxmt&#8221; overlay_alpha=&#8221;50&#8243; gutter_size=&#8221;3&#8243; shift_y=&#8221;0&#8243;][vc_column column_width_percent=&#8221;100&#8243; overlay_alpha=&#8221;50&#8243; gutter_size=&#8221;4&#8243; medium_width=&#8221;0&#8243; shift_x=&#8221;0&#8243; shift_y=&#8221;0&#8243; z_index=&#8221;0&#8243; width=&#8221;1\/1&#8243;][vc_row_inner][vc_column_inner column_width_percent=&#8221;100&#8243; gutter_size=&#8221;3&#8243; overlay_alpha=&#8221;50&#8243; medium_width=&#8221;0&#8243; mobile_width=&#8221;0&#8243; shift_x=&#8221;0&#8243; shift_y=&#8221;0&#8243; z_index=&#8221;0&#8243; width=&#8221;1\/1&#8243;][vc_custom_heading heading_semantic=&#8221;h4&#8243; text_size=&#8221;h6&#8243; text_space=&#8221;fontspace-210350&#8243; text_font=&#8221;font-409872&#8243; text_weight=&#8221;400&#8243; text_transform=&#8221;uppercase&#8221;]Artistic director &amp; Founder[\/vc_custom_heading][\/vc_column_inner][\/vc_row_inner][vc_row_inner row_inner_height_percent=&#8221;0&#8243; overlay_alpha=&#8221;50&#8243; gutter_size=&#8221;3&#8243; shift_y=&#8221;0&#8243; css=&#8221;.vc_custom_1493810151195{margin-top: 10px !important;}&#8221;][vc_column_inner column_width_percent=&#8221;100&#8243; gutter_size=&#8221;3&#8243; overlay_alpha=&#8221;50&#8243; medium_width=&#8221;0&#8243; mobile_width=&#8221;0&#8243; shift_x=&#8221;0&#8243; shift_y=&#8221;0&#8243; z_index=&#8221;0&#8243; width=&#8221;1\/1&#8243;][vc_custom_heading text_size=&#8221;fontsize-155944&#8243; text_font=&#8221;font-439106&#8243; text_weight=&#8221;600&#8243;]Mari Fe Pav\u00f3n[\/vc_custom_heading][\/vc_column_inner][\/vc_row_inner][vc_row_inner row_inner_height_percent=&#8221;0&#8243; overlay_alpha=&#8221;50&#8243; gutter_size=&#8221;3&#8243; shift_y=&#8221;0&#8243; css=&#8221;.vc_custom_1493810151195{margin-top: 10px !important;}&#8221;][vc_column_inner column_width_percent=&#8221;100&#8243; gutter_size=&#8221;3&#8243; overlay_alpha=&#8221;50&#8243; medium_width=&#8221;0&#8243; mobile_width=&#8221;0&#8243; shift_x=&#8221;0&#8243; shift_y=&#8221;0&#8243; z_index=&#8221;0&#8243; width=&#8221;1\/1&#8243;][vc_custom_heading heading_semantic=&#8221;h3&#8243; text_font=&#8221;font-439106&#8243; text_weight=&#8221;600&#8243; text_italic=&#8221;yes&#8221; text_color=&#8221;accent&#8221; separator=&#8221;yes&#8221; separator_color=&#8221;yes&#8221;]Baroque mandolin[\/vc_custom_heading][\/vc_column_inner][\/vc_row_inner][vc_row_inner row_inner_height_percent=&#8221;0&#8243; overlay_alpha=&#8221;50&#8243; gutter_size=&#8221;3&#8243; shift_y=&#8221;0&#8243;][vc_column_inner column_width_percent=&#8221;100&#8243; gutter_size=&#8221;4&#8243; overlay_alpha=&#8221;50&#8243; medium_width=&#8221;0&#8243; mobile_width=&#8221;0&#8243; shift_x=&#8221;0&#8243; shift_y=&#8221;0&#8243; z_index=&#8221;0&#8243; width=&#8221;1\/1&#8243;][vc_custom_heading heading_semantic=&#8221;h4&#8243; text_size=&#8221;h3&#8243; text_height=&#8221;fontheight-357766&#8243; text_space=&#8221;fontspace-781688&#8243; text_font=&#8221;font-439106&#8243; text_weight=&#8221;300&#8243;]Cradled to the sound of the guitar since childhood, Mari Fe Pav\u00f3n begins the study of the mandolin at a very young age with the teachers <strong>P. Chamorro and Caridad Sim\u00f3n<\/strong> and thus discovers a few years later the experience of orchestra and soloist in the orchestra of his city, under the direction of Pedro Chamorro. She also began studying guitar with Manuel Mu\u00f1oz. She recorded her first record at the age of 15 with the same ensemble, and subsequently studied at the <strong>Conservatory of Alc\u00e1zar de San Juan (Spain) and at the Conservatory of Music in Esch \/ Alzette in Luxembourg.<\/strong>[\/vc_custom_heading][\/vc_column_inner][\/vc_row_inner][\/vc_column][\/vc_row][vc_row row_height_percent=&#8221;0&#8243; override_padding=&#8221;yes&#8221; h_padding=&#8221;3&#8243; top_padding=&#8221;3&#8243; bottom_padding=&#8221;3&#8243; overlay_alpha=&#8221;50&#8243; gutter_size=&#8221;3&#8243; shift_y=&#8221;0&#8243;][vc_column column_width_percent=&#8221;100&#8243; overlay_alpha=&#8221;50&#8243; gutter_size=&#8221;3&#8243; medium_width=&#8221;0&#8243; mobile_width=&#8221;0&#8243; shift_x=&#8221;0&#8243; shift_y=&#8221;-4&#8243; shift_y_fixed=&#8221;yes&#8221; z_index=&#8221;0&#8243; width=&#8221;1\/2&#8243;][vc_single_image media=&#8221;57281&#8243; media_width_percent=&#8221;100&#8243; alignment=&#8221;right&#8221; css_animation=&#8221;bottom-t-top&#8221;][\/vc_column][vc_column column_width_percent=&#8221;100&#8243; position_vertical=&#8221;middle&#8221; style=&#8221;dark&#8221; overlay_alpha=&#8221;50&#8243; gutter_size=&#8221;3&#8243; medium_width=&#8221;0&#8243; mobile_width=&#8221;0&#8243; shift_x=&#8221;0&#8243; shift_y=&#8221;0&#8243; z_index=&#8221;0&#8243; width=&#8221;1\/2&#8243;][vc_row_inner][vc_column_inner column_width_percent=&#8221;100&#8243; style=&#8221;light&#8221; gutter_size=&#8221;3&#8243; overlay_alpha=&#8221;50&#8243; medium_width=&#8221;0&#8243; mobile_width=&#8221;0&#8243; shift_x=&#8221;0&#8243; shift_y=&#8221;0&#8243; z_index=&#8221;0&#8243; width=&#8221;1\/1&#8243;][vc_custom_heading heading_semantic=&#8221;p&#8221; text_size=&#8221;h4&#8243; text_height=&#8221;fontheight-357766&#8243; text_space=&#8221;fontspace-781688&#8243; text_font=&#8221;font-439106&#8243; text_weight=&#8221;300&#8243; css_animation=&#8221;bottom-t-top&#8221; animation_delay=&#8221;100&#8243;]Mari Fe Pav\u00f3n has appeared in concerts with musicians like Mstislav Rostropovitch, Esteb\u00e1n S\u00e1nchez,&#8230;<\/p>\n<p>&nbsp;<\/p>\n<p>Later, she studied with French guitarist Michel Sadanowsky in Paris and was a member of the &#8220;Trio de guitares de Paris&#8221;.<\/p>\n<p>&nbsp;<\/p>\n<p>Also interested in the search for unknown historical repertoires, Mari Fe Pav\u00f3n learns the baroque mandolin and thus discovers the historical interpretation. Very soon passionate about this experience, she studied with Prof. Marga Wilden-H\u00fcsgen at the Hochschule f\u00fcr Musik K\u00f6ln. She has concentrated his apprenticeships, research and musical practices on the diversity of sources, oral and written, which she deems necessary for recreating the early and Baroque mandolin repertoires today.<\/p>\n<p>&nbsp;<\/p>\n<p>At the same time, she founded several ensembles <em>(Il Forum Musicle, Duo Mu\u00f1oz-Pav\u00f3n, Luxembourg Mandolin Quintet, Stage International en Alsace, Artemandoline)<\/em> with Juan Carlos Mu\u00f1oz and very quickly she gave concerts throughout Europe and the USA, Canada, Japan, Spain, Germany, Netherlands, Belgium, Austria, Greece, France, Italy &#8230;)<\/p>\n<p>&nbsp;<\/p>\n<p>She is regularly solicited by the Philharmonic Orchestra of Luxembourg. She is also invited as a jury member in various international competitions: Luxembourg, Greece, Germany. She teaches mandolin, guitar and chamber music in Luxembourg.<\/p>\n<p>&nbsp;<\/p>\n<p>Mari Fe Pav\u00f3n is co-founder of the ensemble Artemandoline, with the mandolinist Juan Carlos Mu\u00f1oz.[\/vc_custom_heading][\/vc_column_inner][\/vc_row_inner][\/vc_column][\/vc_row][vc_row row_height_percent=&#8221;0&#8243; override_padding=&#8221;yes&#8221; h_padding=&#8221;2&#8243; top_padding=&#8221;0&#8243; bottom_padding=&#8221;3&#8243; overlay_alpha=&#8221;50&#8243; gutter_size=&#8221;3&#8243; shift_y=&#8221;0&#8243;][vc_column column_width_percent=&#8221;100&#8243; align_horizontal=&#8221;align_center&#8221; overlay_alpha=&#8221;50&#8243; gutter_size=&#8221;3&#8243; medium_width=&#8221;0&#8243; mobile_width=&#8221;0&#8243; shift_x=&#8221;0&#8243; shift_y=&#8221;0&#8243; z_index=&#8221;0&#8243; width=&#8221;1\/1&#8243;][vc_button button_color=&#8221;accent&#8221; radius=&#8221;btn-circle&#8221; border_animation=&#8221;btn-ripple-out&#8221; outline=&#8221;yes&#8221; css_animation=&#8221;alpha-anim&#8221; link=&#8221;url:http%3A%2F%2Fwww.artemandoline.com%2Fen%2Fmusicians%2F|||&#8221;]BACK[\/vc_button][\/vc_column][\/vc_row]<\/p>\n","protected":false},"excerpt":{"rendered":"<p>[vc_row row_height_percent=&#8221;0&#8243; override_padding=&#8221;yes&#8221; h_padding=&#8221;2&#8243; top_padding=&#8221;5&#8243; bottom_padding=&#8221;5&#8243; back_color=&#8221;color-lxmt&#8221; overlay_alpha=&#8221;50&#8243; gutter_size=&#8221;3&#8243; shift_y=&#8221;0&#8243;][vc_column column_width_percent=&#8221;100&#8243; overlay_alpha=&#8221;50&#8243; gutter_size=&#8221;4&#8243; medium_width=&#8221;0&#8243; shift_x=&#8221;0&#8243; shift_y=&#8221;0&#8243; z_index=&#8221;0&#8243; width=&#8221;1\/1&#8243;][vc_row_inner][vc_column_inner column_width_percent=&#8221;100&#8243; gutter_size=&#8221;3&#8243; [&hellip;]<\/p>\n","protected":false},"author":1,"featured_media":0,"parent":0,"menu_order":0,"comment_status":"closed","ping_status":"closed","template":"","meta":[],"_links":{"self":[{"href":"https:\/\/www.artemandoline.com\/en\/wp-json\/wp\/v2\/pages\/58581"}],"collection":[{"href":"https:\/\/www.artemandoline.com\/en\/wp-json\/wp\/v2\/pages"}],"about":[{"href":"https:\/\/www.artemandoline.com\/en\/wp-json\/wp\/v2\/types\/page"}],"author":[{"embeddable":true,"href":"https:\/\/www.artemandoline.com\/en\/wp-json\/wp\/v2\/users\/1"}],"replies":[{"embeddable":true,"href":"https:\/\/www.artemandoline.com\/en\/wp-json\/wp\/v2\/comments?post=58581"}],"version-history":[{"count":2,"href":"https:\/\/www.artemandoline.com\/en\/wp-json\/wp\/v2\/pages\/58581\/revisions"}],"predecessor-version":[{"id":58618,"href":"https:\/\/www.artemandoline.com\/en\/wp-json\/wp\/v2\/pages\/58581\/revisions\/58618"}],"wp:attachment":[{"href":"https:\/\/www.artemandoline.com\/en\/wp-json\/wp\/v2\/media?parent=58581"}],"curies":[{"name":"wp","href":"https:\/\/api.w.org\/{rel}","templated":true}]}}