{"id":58662,"date":"2017-06-03T15:42:32","date_gmt":"2017-06-03T15:42:32","guid":{"rendered":"http:\/\/www.artemandoline.com\/discography\/concerti-musicali\/"},"modified":"2017-07-20T11:42:01","modified_gmt":"2017-07-20T11:42:01","slug":"concerti-musicali","status":"publish","type":"page","link":"https:\/\/www.artemandoline.com\/en\/discography\/concerti-musicali\/","title":{"rendered":"Concerti Musicali"},"content":{"rendered":"<p>[vc_row row_height_percent=&#8221;0&#8243; override_padding=&#8221;yes&#8221; h_padding=&#8221;2&#8243; top_padding=&#8221;5&#8243; bottom_padding=&#8221;2&#8243; back_color=&#8221;color-lxmt&#8221; overlay_alpha=&#8221;50&#8243; gutter_size=&#8221;3&#8243; shift_y=&#8221;0&#8243;][vc_column width=&#8221;1\/1&#8243;][vc_row_inner row_inner_height_percent=&#8221;0&#8243; overlay_alpha=&#8221;50&#8243; gutter_size=&#8221;3&#8243; shift_y=&#8221;0&#8243; css=&#8221;.vc_custom_1493810151195{margin-top: 10px !important;}&#8221;][vc_column_inner column_width_percent=&#8221;100&#8243; align_horizontal=&#8221;align_center&#8221; gutter_size=&#8221;3&#8243; overlay_alpha=&#8221;50&#8243; medium_width=&#8221;0&#8243; mobile_width=&#8221;0&#8243; shift_x=&#8221;0&#8243; shift_y=&#8221;0&#8243; z_index=&#8221;0&#8243; width=&#8221;1\/1&#8243;][vc_custom_heading text_size=&#8221;fontsize-155944&#8243; text_font=&#8221;font-439106&#8243; text_weight=&#8221;600&#8243;]Concerti Musicali[\/vc_custom_heading][\/vc_column_inner][\/vc_row_inner][vc_row_inner row_inner_height_percent=&#8221;0&#8243; overlay_alpha=&#8221;50&#8243; gutter_size=&#8221;3&#8243; shift_y=&#8221;0&#8243; css=&#8221;.vc_custom_1494004761671{margin-top: 10px !important;}&#8221;][vc_column_inner column_width_percent=&#8221;100&#8243; align_horizontal=&#8221;align_center&#8221; gutter_size=&#8221;3&#8243; overlay_alpha=&#8221;50&#8243; medium_width=&#8221;0&#8243; mobile_width=&#8221;0&#8243; shift_x=&#8221;0&#8243; shift_y=&#8221;0&#8243; z_index=&#8221;0&#8243; width=&#8221;1\/1&#8243;][vc_custom_heading text_font=&#8221;font-439106&#8243; text_weight=&#8221;600&#8243; text_italic=&#8221;yes&#8221; text_color=&#8221;accent&#8221; separator=&#8221;yes&#8221; separator_color=&#8221;yes&#8221; subheading=&#8221;Jade, Universal France 2009&#8243;]\u00abLa voce del mandolino barocco\u00bb[\/vc_custom_heading][\/vc_column_inner][\/vc_row_inner][\/vc_column][\/vc_row][vc_row row_height_percent=&#8221;0&#8243; override_padding=&#8221;yes&#8221; h_padding=&#8221;2&#8243; top_padding=&#8221;2&#8243; bottom_padding=&#8221;3&#8243; back_color=&#8221;color-lxmt&#8221; overlay_alpha=&#8221;50&#8243; gutter_size=&#8221;3&#8243; shift_y=&#8221;0&#8243;][vc_column column_width_percent=&#8221;100&#8243; overlay_alpha=&#8221;50&#8243; gutter_size=&#8221;3&#8243; medium_width=&#8221;0&#8243; mobile_width=&#8221;0&#8243; shift_x=&#8221;0&#8243; shift_y=&#8221;0&#8243; z_index=&#8221;0&#8243; css_animation=&#8221;left-t-right&#8221; width=&#8221;1\/2&#8243;][vc_single_image media=&#8221;57632&#8243; media_width_use_pixel=&#8221;yes&#8221; alignment=&#8221;center&#8221; media_width_pixel=&#8221;700&#8243;][vc_icon position=&#8221;bottom&#8221; display=&#8221;inline&#8221; icon_image=&#8221;57806&#8243; heading_semantic=&#8221;p&#8221; link=&#8221;url:https%3A%2F%2Fitunes.apple.com%2Fmu%2Falbum%2Fconcerti-musicali-la-voce%2Fid392475530||target:%20_blank|&#8221;][\/vc_icon][vc_icon position=&#8221;bottom&#8221; display=&#8221;inline&#8221; icon_image=&#8221;57805&#8243; heading_semantic=&#8221;p&#8221; link=&#8221;url:https%3A%2F%2Fwww.amazon.de%2FConcerti-Musicale-Voce-Mandolina-Barocco%2Fdp%2FB001RQPZFQ%2Fref%3Dsr_1_5%2F261-1644219-8309061%3Fs%3Dmusic%26ie%3DUTF8%26qid%3D1498138297%26sr%3D1-5||target:%20_blank|&#8221;][\/vc_icon][vc_icon position=&#8221;bottom&#8221; display=&#8221;inline&#8221; icon_image=&#8221;57808&#8243; heading_semantic=&#8221;p&#8221; link=&#8221;url:https%3A%2F%2Fplay.spotify.com%2Fsearch%2FConcerti%2520Musicali%2520artemandoline||target:%20_blank|&#8221;][\/vc_icon][vc_column_text]<style class=\"audiogallery-style\">.audiogallery#ag1 .audioplayer.skin-pro .ap-controls .scrubbar .scrub-prog{  background-color: #111111;  }<\/style><div id=\"ag1\" class=\"audiogallery skin-default id_concerti_musicali \" style=\"background-color:transparent;\"><div class=\"items\"><div class=\"audioplayer-tobe apconfig-Artemandoline skin-pro  skin-pro ap58118\" style=\"\" id=\"ap58118\" data-playerid=\"58118\" data-type=\"mediafile\" data-source=\"http:\/\/www.artemandoline.com\/wp-content\/uploads\/2017\/05\/04-Sonata-Arrigoni-Presto....mp3\"><div class=\"meta-artist\"><span class=\"the-artist first-line\"><span class=\"first-line-label\"><\/span><\/span>&nbsp;<span class=\"the-name\">Sonata Arrigoni Presto<\/span><\/div><div class=\"menu-description\"><span class=\"the-artist\"><\/span><span class=\"the-name\">Sonata Arrigoni Presto<\/span><\/div><\/div><div class=\"audioplayer-tobe apconfig-Artemandoline skin-pro  skin-pro ap58119\" style=\"\" id=\"ap58119\" data-playerid=\"58119\" data-type=\"mediafile\" data-source=\"http:\/\/www.artemandoline.com\/wp-content\/uploads\/2017\/05\/09-Concerto-Vivaldi-Allegro....mp3\"><div class=\"meta-artist\"><span class=\"the-artist first-line\"><span class=\"first-line-label\"><\/span><\/span>&nbsp;<span class=\"the-name\">Concerto Vivaldi Allegro<\/span><\/div><div class=\"menu-description\"><span class=\"the-artist\"><\/span><span class=\"the-name\">Concerto Vivaldi Allegro<\/span><\/div><\/div><div class=\"audioplayer-tobe apconfig-Artemandoline skin-pro  skin-pro ap58120\" style=\"\" id=\"ap58120\" data-playerid=\"58120\" data-type=\"mediafile\" data-source=\"http:\/\/www.artemandoline.com\/wp-content\/uploads\/2017\/05\/26-Symphonie-_-II.-Andante....mp3\"><div class=\"meta-artist\"><span class=\"the-artist first-line\"><span class=\"first-line-label\"><\/span><\/span>&nbsp;<span class=\"the-name\">Symphonie II. Andante<\/span><\/div><div class=\"menu-description\"><span class=\"the-artist\"><\/span><span class=\"the-name\">Symphonie II. Andante<\/span><\/div><\/div><div class=\"audioplayer-tobe apconfig-Artemandoline skin-pro  skin-pro ap58121\" style=\"\" id=\"ap58121\" data-playerid=\"58121\" data-type=\"mediafile\" data-source=\"http:\/\/www.artemandoline.com\/wp-content\/uploads\/2017\/05\/Castello-Sonata....mp3\"><div class=\"meta-artist\"><span class=\"the-artist first-line\"><span class=\"first-line-label\"><\/span><\/span>&nbsp;<span class=\"the-name\">Castello Sonata<\/span><\/div><div class=\"menu-description\"><span class=\"the-artist\"><\/span><span class=\"the-name\">Castello Sonata<\/span><\/div><\/div><\/div><\/div><script>jQuery(document).ready(function ($) {\n        var settings_ap = {\n            design_skin: \"skin-pro\"\n            ,skinwave_dynamicwaves:\"off\"\n            ,skinwave_enableSpectrum:\"off\"\n            ,settings_backup_type:\"full\"\n            ,skinwave_enableReflect:\"on\"\n            ,skinwave_comments_enable:\"off\"\n            ,soundcloud_apikey:\"\"\n            ,php_retriever:\"https:\/\/www.artemandoline.com\/wp-content\/plugins\/dzs-zoomsounds_old\/soundcloudretriever.php\"\n            ,swf_location:\"https:\/\/www.artemandoline.com\/wp-content\/plugins\/dzs-zoomsounds_old\/ap.swf\"\n            ,swffull_location:\"https:\/\/www.artemandoline.com\/wp-content\/plugins\/dzs-zoomsounds_old\/apfull.swf\",playfrom:\"off\",disable_volume:\"default\",loop:\"off\",settings_php_handler:window.ajaxurl,skinwave_wave_mode:\"canvas\",pcm_data_try_to_generate: \"on\",pcm_notice: \"off\",design_color_bg: \"111111\",design_color_highlight: \"ef6b13\",skinwave_wave_mode_canvas_waves_number: \"3\",skinwave_wave_mode_canvas_waves_padding: \"1\",skinwave_wave_mode_canvas_reflection_size: \"0.25\",skinwave_wave_mode_canvas_mode:\"normal\",preload_method:\"metadata\"};\n        dzsag_init(\"#ag1\",{\n            \"transition\":\"fade\"\n            ,\"autoplay\" : \"off\"\n            ,\"embedded\" : \"off\"\n            ,\"autoplayNext\" : \"on\"\n            ,design_menu_position :\"bottom\"\n            ,disable_player_navigation:\"off\"\n            ,\"settings_ap\":settings_ap,cueFirstMedia:\"on\",settings_mode:\"mode-normal\",settings_mode_showall_show_number:\"on\",design_menu_state:\"open\",design_menu_height:\"default\",design_menu_show_player_state_button:\"off\",settings_enable_linking:\"off\"});});<\/script>[\/vc_column_text][\/vc_column][vc_column column_width_percent=&#8221;100&#8243; style=&#8221;light&#8221; overlay_alpha=&#8221;50&#8243; gutter_size=&#8221;4&#8243; medium_width=&#8221;0&#8243; mobile_width=&#8221;0&#8243; shift_x=&#8221;0&#8243; shift_y=&#8221;0&#8243; z_index=&#8221;0&#8243; css_animation=&#8221;right-t-left&#8221; width=&#8221;1\/2&#8243;][vc_row_inner row_inner_height_percent=&#8221;0&#8243; overlay_alpha=&#8221;50&#8243; gutter_size=&#8221;3&#8243; shift_y=&#8221;0&#8243;][vc_column_inner column_width_percent=&#8221;100&#8243; gutter_size=&#8221;3&#8243; overlay_alpha=&#8221;50&#8243; medium_width=&#8221;0&#8243; mobile_width=&#8221;0&#8243; shift_x=&#8221;0&#8243; shift_y=&#8221;0&#8243; z_index=&#8221;0&#8243; width=&#8221;1\/1&#8243;][vc_custom_heading heading_semantic=&#8221;p&#8221; text_size=&#8221;h4&#8243; text_height=&#8221;fontheight-357766&#8243; text_space=&#8221;fontspace-781688&#8243; text_font=&#8221;font-439106&#8243; text_weight=&#8221;300&#8243; separator=&#8221;yes&#8221;]<em>\u00ab\u00a0With the coming of Baroque, l\u2019ange du bizarre hovered over the arts.\u00a0\u00bb<\/em><\/p>\n<p>&nbsp;<\/p>\n<p>Rich and complex, Baroque music explored new means of expression; primarily new tones. Baroque musicians\u2019 enthusiasm for the most refined sounds, including the mandolin, led them to seek aesthetics and sonority to an extreme degree.<\/p>\n<p>&nbsp;<\/p>\n<p>Which is why we must lend an attentive, careful ear to this disk.<\/p>\n<p>&nbsp;<\/p>\n<p>Artemandoline offers here a very jovial program that offers a wide variety of rhythms and timbres.[\/vc_custom_heading][\/vc_column_inner][\/vc_row_inner][vc_row_inner row_inner_height_percent=&#8221;0&#8243; overlay_alpha=&#8221;50&#8243; gutter_size=&#8221;3&#8243; shift_y=&#8221;0&#8243; css=&#8221;.vc_custom_1495643742414{margin-top: 30px !important;}&#8221;][vc_column_inner column_width_percent=&#8221;100&#8243; gutter_size=&#8221;3&#8243; overlay_alpha=&#8221;50&#8243; medium_width=&#8221;0&#8243; mobile_width=&#8221;0&#8243; shift_x=&#8221;0&#8243; shift_y=&#8221;0&#8243; z_index=&#8221;0&#8243; width=&#8221;1\/1&#8243;][vc_custom_heading heading_semantic=&#8221;p&#8221; text_size=&#8221;h4&#8243; text_height=&#8221;fontheight-357766&#8243; text_space=&#8221;fontspace-781688&#8243; text_font=&#8221;font-439106&#8243; text_weight=&#8221;300&#8243;]<strong>Artemandoline<\/strong>[\/vc_custom_heading][\/vc_column_inner][\/vc_row_inner][vc_row_inner row_inner_height_percent=&#8221;0&#8243; overlay_alpha=&#8221;50&#8243; gutter_size=&#8221;3&#8243; shift_y=&#8221;0&#8243; css=&#8221;.vc_custom_1495650198351{margin-top: 0px !important;}&#8221;][vc_column_inner column_width_percent=&#8221;100&#8243; gutter_size=&#8221;3&#8243; overlay_alpha=&#8221;50&#8243; medium_width=&#8221;0&#8243; mobile_width=&#8221;0&#8243; shift_x=&#8221;0&#8243; shift_y=&#8221;0&#8243; z_index=&#8221;0&#8243; width=&#8221;1\/1&#8243;][vc_custom_heading heading_semantic=&#8221;p&#8221; text_size=&#8221;h6&#8243; text_height=&#8221;fontheight-357766&#8243; text_space=&#8221;fontspace-781688&#8243; text_font=&#8221;font-439106&#8243; text_weight=&#8221;300&#8243;]<strong>Juan Carlos Mu\u00f1oz\u00a0<\/strong><em>Baroque mandolin<\/em><\/p>\n<p><strong>Mari Fe Pav\u00f3n<\/strong>\u00a0<em>Baroque mandolin<\/em><\/p>\n<p><strong>Manuel Mu\u00f1oz<\/strong>\u00a0<em>aroque guitar<\/em><\/p>\n<p><strong>Alla Tolkacheva<\/strong>\u00a0<em>Baroque mandola &amp; baroque mandolin<\/em><\/p>\n<p><strong>Ruth L\u00f3pez<\/strong><em>\u00a0Clavecin<\/em><\/p>\n<p><strong>Francesco Civitareale<\/strong>\u00a0<em>Contrebasse<\/em><\/p>\n<p><strong>Kym Amps<\/strong><em>\u00a0Soprano<\/em>[\/vc_custom_heading][\/vc_column_inner][\/vc_row_inner][\/vc_column][\/vc_row][vc_row row_height_percent=&#8221;0&#8243; override_padding=&#8221;yes&#8221; h_padding=&#8221;2&#8243; top_padding=&#8221;3&#8243; bottom_padding=&#8221;3&#8243; overlay_alpha=&#8221;50&#8243; gutter_size=&#8221;3&#8243; shift_y=&#8221;0&#8243;][vc_column column_width_percent=&#8221;100&#8243; overlay_alpha=&#8221;50&#8243; gutter_size=&#8221;3&#8243; medium_width=&#8221;0&#8243; mobile_width=&#8221;0&#8243; shift_x=&#8221;0&#8243; shift_y=&#8221;0&#8243; z_index=&#8221;0&#8243; css_animation=&#8221;top-t-bottom&#8221; animation_delay=&#8221;300&#8243; width=&#8221;1\/1&#8243;][vc_row_inner][vc_column_inner column_width_percent=&#8221;100&#8243; align_horizontal=&#8221;align_center&#8221; style=&#8221;light&#8221; gutter_size=&#8221;3&#8243; overlay_alpha=&#8221;50&#8243; medium_width=&#8221;0&#8243; mobile_width=&#8221;0&#8243; shift_x=&#8221;0&#8243; shift_y=&#8221;0&#8243; z_index=&#8221;0&#8243; width=&#8221;1\/1&#8243;][vc_custom_heading text_size=&#8221;h5&#8243; text_space=&#8221;fontspace-210350&#8243; text_font=&#8221;font-409872&#8243; text_weight=&#8221;400&#8243; text_transform=&#8221;uppercase&#8221;]REVIEW[\/vc_custom_heading][\/vc_column_inner][\/vc_row_inner][vc_row_inner][vc_column_inner column_width_percent=&#8221;100&#8243; align_horizontal=&#8221;align_center&#8221; style=&#8221;light&#8221; gutter_size=&#8221;3&#8243; overlay_alpha=&#8221;50&#8243; medium_width=&#8221;0&#8243; mobile_width=&#8221;0&#8243; shift_x=&#8221;0&#8243; shift_y=&#8221;0&#8243; z_index=&#8221;0&#8243; width=&#8221;1\/1&#8243;][vc_custom_heading heading_semantic=&#8221;p&#8221; text_size=&#8221;h3&#8243; text_height=&#8221;fontheight-357766&#8243; text_space=&#8221;fontspace-781688&#8243; text_font=&#8221;font-439106&#8243; text_weight=&#8221;300&#8243; text_italic=&#8221;yes&#8221;]<em>[&#8230;] The ensemble is very seductive, and conducted from one end to the other with a highly studied rhetoric, which mobilizes the attention of the audience without discontinuity. This is undeniably one of the great qualities of this recording: the speech is never installed.Beautiful interpretation work. <\/em>[\/vc_custom_heading][\/vc_column_inner][\/vc_row_inner][vc_row_inner row_inner_height_percent=&#8221;0&#8243; overlay_alpha=&#8221;50&#8243; gutter_size=&#8221;3&#8243; shift_y=&#8221;0&#8243;][vc_column_inner column_width_percent=&#8221;100&#8243; align_horizontal=&#8221;align_center&#8221; style=&#8221;light&#8221; gutter_size=&#8221;3&#8243; overlay_alpha=&#8221;50&#8243; medium_width=&#8221;0&#8243; mobile_width=&#8221;0&#8243; shift_x=&#8221;0&#8243; shift_y=&#8221;0&#8243; z_index=&#8221;0&#8243; width=&#8221;1\/1&#8243;][vc_custom_heading heading_semantic=&#8221;p&#8221; text_size=&#8221;h5&#8243; text_height=&#8221;fontheight-357766&#8243; text_space=&#8221;fontspace-781688&#8243; text_font=&#8221;font-439106&#8243; text_weight=&#8221;300&#8243; text_italic=&#8221;yes&#8221;]<strong>Soci\u00e9t\u00e9 fran\u00e7aise de Luth<\/strong>, <em>JL Bresson<\/em>[\/vc_custom_heading][\/vc_column_inner][\/vc_row_inner][\/vc_column][\/vc_row][vc_row row_height_percent=&#8221;0&#8243; override_padding=&#8221;yes&#8221; h_padding=&#8221;2&#8243; top_padding=&#8221;0&#8243; bottom_padding=&#8221;2&#8243; overlay_alpha=&#8221;50&#8243; gutter_size=&#8221;3&#8243; shift_y=&#8221;0&#8243;][vc_column column_width_percent=&#8221;100&#8243; align_horizontal=&#8221;align_center&#8221; overlay_alpha=&#8221;50&#8243; gutter_size=&#8221;3&#8243; medium_width=&#8221;0&#8243; mobile_width=&#8221;0&#8243; shift_x=&#8221;0&#8243; shift_y=&#8221;0&#8243; z_index=&#8221;0&#8243; width=&#8221;1\/1&#8243;][vc_button button_color=&#8221;accent&#8221; radius=&#8221;btn-circle&#8221; border_animation=&#8221;btn-ripple-out&#8221; outline=&#8221;yes&#8221; css_animation=&#8221;alpha-anim&#8221; link=&#8221;url:http%3A%2F%2Fwww.artemandoline.com%2Fen%2Fdiscography%2F|||&#8221;]BACK[\/vc_button][\/vc_column][\/vc_row]<\/p>\n","protected":false},"excerpt":{"rendered":"<p>[vc_row row_height_percent=&#8221;0&#8243; override_padding=&#8221;yes&#8221; h_padding=&#8221;2&#8243; top_padding=&#8221;5&#8243; bottom_padding=&#8221;2&#8243; back_color=&#8221;color-lxmt&#8221; overlay_alpha=&#8221;50&#8243; gutter_size=&#8221;3&#8243; shift_y=&#8221;0&#8243;][vc_column width=&#8221;1\/1&#8243;][vc_row_inner row_inner_height_percent=&#8221;0&#8243; overlay_alpha=&#8221;50&#8243; gutter_size=&#8221;3&#8243; shift_y=&#8221;0&#8243; css=&#8221;.vc_custom_1493810151195{margin-top: 10px !important;}&#8221;][vc_column_inner column_width_percent=&#8221;100&#8243; align_horizontal=&#8221;align_center&#8221; [&hellip;]<\/p>\n","protected":false},"author":1,"featured_media":0,"parent":58625,"menu_order":0,"comment_status":"closed","ping_status":"closed","template":"","meta":[],"_links":{"self":[{"href":"https:\/\/www.artemandoline.com\/en\/wp-json\/wp\/v2\/pages\/58662"}],"collection":[{"href":"https:\/\/www.artemandoline.com\/en\/wp-json\/wp\/v2\/pages"}],"about":[{"href":"https:\/\/www.artemandoline.com\/en\/wp-json\/wp\/v2\/types\/page"}],"author":[{"embeddable":true,"href":"https:\/\/www.artemandoline.com\/en\/wp-json\/wp\/v2\/users\/1"}],"replies":[{"embeddable":true,"href":"https:\/\/www.artemandoline.com\/en\/wp-json\/wp\/v2\/comments?post=58662"}],"version-history":[{"count":2,"href":"https:\/\/www.artemandoline.com\/en\/wp-json\/wp\/v2\/pages\/58662\/revisions"}],"predecessor-version":[{"id":59910,"href":"https:\/\/www.artemandoline.com\/en\/wp-json\/wp\/v2\/pages\/58662\/revisions\/59910"}],"up":[{"embeddable":true,"href":"https:\/\/www.artemandoline.com\/en\/wp-json\/wp\/v2\/pages\/58625"}],"wp:attachment":[{"href":"https:\/\/www.artemandoline.com\/en\/wp-json\/wp\/v2\/media?parent=58662"}],"curies":[{"name":"wp","href":"https:\/\/api.w.org\/{rel}","templated":true}]}}