{"id":59266,"date":"2021-02-18T09:18:10","date_gmt":"2021-02-18T09:18:10","guid":{"rendered":"https:\/\/www.artemandoline.com\/?page_id=59266\/"},"modified":"2021-02-18T16:41:53","modified_gmt":"2021-02-18T16:41:53","slug":"italian-baroque-mandolin-sonatas","status":"publish","type":"page","link":"https:\/\/www.artemandoline.com\/en\/discography\/italian-baroque-mandolin-sonatas\/","title":{"rendered":"Italian baroque mandolin sonatas"},"content":{"rendered":"<p>[vc_row row_height_percent=&#8221;0&#8243; override_padding=&#8221;yes&#8221; h_padding=&#8221;2&#8243; top_padding=&#8221;5&#8243; bottom_padding=&#8221;2&#8243; back_color=&#8221;color-lxmt&#8221; overlay_alpha=&#8221;50&#8243; gutter_size=&#8221;3&#8243; shift_y=&#8221;0&#8243;][vc_column width=&#8221;1\/1&#8243;][vc_row_inner row_inner_height_percent=&#8221;0&#8243; overlay_alpha=&#8221;50&#8243; gutter_size=&#8221;3&#8243; shift_y=&#8221;0&#8243; css=&#8221;.vc_custom_1493810151195{margin-top: 10px !important;}&#8221;][vc_column_inner column_width_percent=&#8221;100&#8243; align_horizontal=&#8221;align_center&#8221; gutter_size=&#8221;3&#8243; overlay_alpha=&#8221;50&#8243; medium_width=&#8221;0&#8243; mobile_width=&#8221;0&#8243; shift_x=&#8221;0&#8243; shift_y=&#8221;0&#8243; z_index=&#8221;0&#8243; width=&#8221;1\/1&#8243;][vc_custom_heading text_size=&#8221;fontsize-155944&#8243; text_font=&#8221;font-439106&#8243; text_weight=&#8221;600&#8243;]Italian baroque mandolin sonatas[\/vc_custom_heading][\/vc_column_inner][\/vc_row_inner][vc_row_inner row_inner_height_percent=&#8221;0&#8243; overlay_alpha=&#8221;50&#8243; gutter_size=&#8221;3&#8243; shift_y=&#8221;0&#8243; css=&#8221;.vc_custom_1494004761671{margin-top: 10px !important;}&#8221;][vc_column_inner column_width_percent=&#8221;100&#8243; align_horizontal=&#8221;align_center&#8221; gutter_size=&#8221;3&#8243; overlay_alpha=&#8221;50&#8243; medium_width=&#8221;0&#8243; mobile_width=&#8221;0&#8243; shift_x=&#8221;0&#8243; shift_y=&#8221;0&#8243; z_index=&#8221;0&#8243; width=&#8221;1\/1&#8243;][vc_custom_heading text_font=&#8221;font-439106&#8243; text_weight=&#8221;600&#8243; text_italic=&#8221;yes&#8221; text_color=&#8221;accent&#8221; separator=&#8221;yes&#8221; separator_color=&#8221;yes&#8221; subheading=&#8221;Sony\/ 2021, DHM&#8221;][\/vc_custom_heading][\/vc_column_inner][\/vc_row_inner][\/vc_column][\/vc_row][vc_row row_height_percent=&#8221;0&#8243; override_padding=&#8221;yes&#8221; h_padding=&#8221;2&#8243; top_padding=&#8221;2&#8243; bottom_padding=&#8221;3&#8243; back_color=&#8221;color-lxmt&#8221; overlay_alpha=&#8221;50&#8243; gutter_size=&#8221;3&#8243; shift_y=&#8221;0&#8243;][vc_column column_width_percent=&#8221;100&#8243; overlay_alpha=&#8221;50&#8243; gutter_size=&#8221;3&#8243; medium_width=&#8221;0&#8243; mobile_width=&#8221;0&#8243; shift_x=&#8221;0&#8243; shift_y=&#8221;0&#8243; z_index=&#8221;0&#8243; css_animation=&#8221;left-t-right&#8221; width=&#8221;1\/2&#8243;][vc_single_image media=&#8221;59259&#8243; media_width_use_pixel=&#8221;yes&#8221; alignment=&#8221;center&#8221; media_width_pixel=&#8221;700&#8243;][vc_icon position=&#8221;bottom&#8221; display=&#8221;inline&#8221; icon_image=&#8221;57806&#8243; heading_semantic=&#8221;p&#8221; link=&#8221;url:https%3A%2F%2Fmusic.apple.com%2Fus%2Falbum%2Fitalian-baroque-mandolin-sonatas%2F1545301802||target:%20_blank|&#8221;][\/vc_icon][vc_icon position=&#8221;bottom&#8221; display=&#8221;inline&#8221; icon_image=&#8221;57805&#8243; heading_semantic=&#8221;p&#8221; link=&#8221;url:https%3A%2F%2Fwww.amazon.de%2FItalian-Baroque-Mandolin-Sonatas-Artemandoline%2Fdp%2FB08MSJ9ZSV||target:%20_blank|&#8221;][\/vc_icon][vc_icon position=&#8221;bottom&#8221; display=&#8221;inline&#8221; icon_image=&#8221;57808&#8243; heading_semantic=&#8221;p&#8221; link=&#8221;url:https%3A%2F%2Fopen.spotify.com%2Falbum%2F5SBNWkygAgjWmHBMfgNjZP||target:%20_blank|&#8221;][\/vc_icon][vc_column_text]<style class=\"audiogallery-style\">.audiogallery#ag1 .audioplayer.skin-pro .ap-controls .scrubbar .scrub-prog{  background-color: #111111;  }<\/style><div id=\"ag1\" class=\"audiogallery skin-default id_Sonates \" style=\"background-color:transparent;\"><div class=\"items\"><div class=\"audioplayer-tobe apconfig-Artemandoline skin-pro  skin-pro ap59273\" style=\"\" id=\"ap59273\" data-playerid=\"59273\" data-type=\"mediafile\" data-source=\"https:\/\/www.artemandoline.com\/wp-content\/uploads\/2017\/05\/02-Artemandoline-Italian-Baroque-Mandolin-Sonatas-Abbate-Ranieri-Capponi-Sonata-XII-Allegro-nobile..._converted.mp3\"><div class=\"meta-artist\"><span class=\"the-artist first-line\"><span class=\"first-line-label\"><\/span><\/span>&nbsp;<span class=\"the-name\">Abbate Ranieri Capponi - Sonata XII - Allegro nobile<\/span><\/div><div class=\"menu-description\"><span class=\"the-artist\"><\/span><span class=\"the-name\">Abbate Ranieri Capponi - Sonata XII - Allegro nobile<\/span><\/div><\/div><div class=\"audioplayer-tobe apconfig-Artemandoline skin-pro  skin-pro ap59274\" style=\"\" id=\"ap59274\" data-playerid=\"59274\" data-type=\"mediafile\" data-source=\"https:\/\/www.artemandoline.com\/wp-content\/uploads\/2017\/05\/06-Artemandoline-Italian-Baroque-Mandolin-Sonatas-Niccolo\u0300-Susier-Sonata-per-mandola-Allegro-convertido.mp3\"><div class=\"meta-artist\"><span class=\"the-artist first-line\"><span class=\"first-line-label\"><\/span><\/span>&nbsp;<span class=\"the-name\">Niccolo\u0300 Susier - Sonata per mandola - Allegro<\/span><\/div><div class=\"menu-description\"><span class=\"the-artist\"><\/span><span class=\"the-name\">Niccolo\u0300 Susier - Sonata per mandola - Allegro<\/span><\/div><\/div><div class=\"audioplayer-tobe apconfig-Artemandoline skin-pro  skin-pro ap59275\" style=\"\" id=\"ap59275\" data-playerid=\"59275\" data-type=\"mediafile\" data-source=\"https:\/\/www.artemandoline.com\/wp-content\/uploads\/2017\/05\/08-Artemandoline-Italian-Baroque-Mandolin-Sonatas-Niccolo\u0300-Susier-Sonata-per-mandola-Giga-convertido.mp3\"><div class=\"meta-artist\"><span class=\"the-artist first-line\"><span class=\"first-line-label\"><\/span><\/span>&nbsp;<span class=\"the-name\">Niccolo\u0300 Susier - Sonata per mandola - Giga<\/span><\/div><div class=\"menu-description\"><span class=\"the-artist\"><\/span><span class=\"the-name\">Niccolo\u0300 Susier - Sonata per mandola - Giga<\/span><\/div><\/div><div class=\"audioplayer-tobe apconfig-Artemandoline skin-pro  skin-pro ap59276\" style=\"\" id=\"ap59276\" data-playerid=\"59276\" data-type=\"mediafile\" data-source=\"https:\/\/www.artemandoline.com\/wp-content\/uploads\/2017\/05\/09-Artemandoline-Italian-Baroque-Mandolin-Sonatas-Nicola-Romaldi-Sonata-per-mandola-Adagio-convertido.mp3\"><div class=\"meta-artist\"><span class=\"the-artist first-line\"><span class=\"first-line-label\"><\/span><\/span>&nbsp;<span class=\"the-name\">Nicola Romaldi - Sonata per mandola - Adagio<\/span><\/div><div class=\"menu-description\"><span class=\"the-artist\"><\/span><span class=\"the-name\">Nicola Romaldi - Sonata per mandola - Adagio<\/span><\/div><\/div><div class=\"audioplayer-tobe apconfig-Artemandoline skin-pro  skin-pro ap59277\" style=\"\" id=\"ap59277\" data-playerid=\"59277\" data-type=\"mediafile\" data-source=\"https:\/\/www.artemandoline.com\/wp-content\/uploads\/2017\/05\/13-Artemandoline-Italian-Baroque-Mandolin-Sonatas-Abbate-Ranieri-Capponi-Sonata-VIII-Largo-convertido.mp3\"><div class=\"meta-artist\"><span class=\"the-artist first-line\"><span class=\"first-line-label\"><\/span><\/span>&nbsp;<span class=\"the-name\">Abbate Ranieri Capponi - Sonata VIII - Largo<\/span><\/div><div class=\"menu-description\"><span class=\"the-artist\"><\/span><span class=\"the-name\">Abbate Ranieri Capponi - Sonata VIII - Largo<\/span><\/div><\/div><div class=\"audioplayer-tobe apconfig-Artemandoline skin-pro  skin-pro ap59278\" style=\"\" id=\"ap59278\" data-playerid=\"59278\" data-type=\"mediafile\" data-source=\"https:\/\/www.artemandoline.com\/wp-content\/uploads\/2017\/05\/19-Artemandoline-Italian-Baroque-Mandolin-Sonatas-Giovanni-Pietro-Sesto-da-Trento-Sonata-di-mandolino-Larghetto-convertido.mp3\"><div class=\"meta-artist\"><span class=\"the-artist first-line\"><span class=\"first-line-label\"><\/span><\/span>&nbsp;<span class=\"the-name\">Giovanni Pietro Sesto da Trento - Sonata di mandolino - Larghetto<\/span><\/div><div class=\"menu-description\"><span class=\"the-artist\"><\/span><span class=\"the-name\">Giovanni Pietro Sesto da Trento - Sonata di mandolino - Larghetto<\/span><\/div><\/div><\/div><\/div><script>jQuery(document).ready(function ($) {\n        var settings_ap = {\n            design_skin: \"skin-pro\"\n            ,skinwave_dynamicwaves:\"off\"\n            ,skinwave_enableSpectrum:\"off\"\n            ,settings_backup_type:\"full\"\n            ,skinwave_enableReflect:\"on\"\n            ,skinwave_comments_enable:\"off\"\n            ,soundcloud_apikey:\"\"\n            ,php_retriever:\"https:\/\/www.artemandoline.com\/wp-content\/plugins\/dzs-zoomsounds_old\/soundcloudretriever.php\"\n            ,swf_location:\"https:\/\/www.artemandoline.com\/wp-content\/plugins\/dzs-zoomsounds_old\/ap.swf\"\n            ,swffull_location:\"https:\/\/www.artemandoline.com\/wp-content\/plugins\/dzs-zoomsounds_old\/apfull.swf\",playfrom:\"off\",disable_volume:\"default\",loop:\"off\",settings_php_handler:window.ajaxurl,skinwave_wave_mode:\"canvas\",pcm_data_try_to_generate: \"on\",pcm_notice: \"off\",design_color_bg: \"111111\",design_color_highlight: \"ef6b13\",skinwave_wave_mode_canvas_waves_number: \"3\",skinwave_wave_mode_canvas_waves_padding: \"1\",skinwave_wave_mode_canvas_reflection_size: \"0.25\",skinwave_wave_mode_canvas_mode:\"normal\",preload_method:\"metadata\"};\n        dzsag_init(\"#ag1\",{\n            \"transition\":\"fade\"\n            ,\"autoplay\" : \"off\"\n            ,\"embedded\" : \"off\"\n            ,\"autoplayNext\" : \"on\"\n            ,design_menu_position :\"bottom\"\n            ,disable_player_navigation:\"\"\n            ,\"settings_ap\":settings_ap,cueFirstMedia:\"on\",settings_mode:\"mode-normal\",settings_mode_showall_show_number:\"on\",design_menu_state:\"open\",design_menu_height:\"default\",design_menu_show_player_state_button:\"off\",settings_enable_linking:\"off\"});});<\/script>[\/vc_column_text][\/vc_column][vc_column column_width_percent=&#8221;100&#8243; style=&#8221;light&#8221; overlay_alpha=&#8221;50&#8243; gutter_size=&#8221;4&#8243; medium_width=&#8221;0&#8243; mobile_width=&#8221;0&#8243; shift_x=&#8221;0&#8243; shift_y=&#8221;0&#8243; z_index=&#8221;0&#8243; css_animation=&#8221;right-t-left&#8221; width=&#8221;1\/2&#8243;][vc_row_inner row_inner_height_percent=&#8221;0&#8243; overlay_alpha=&#8221;50&#8243; gutter_size=&#8221;3&#8243; shift_y=&#8221;0&#8243;][vc_column_inner column_width_percent=&#8221;100&#8243; gutter_size=&#8221;3&#8243; overlay_alpha=&#8221;50&#8243; medium_width=&#8221;0&#8243; mobile_width=&#8221;0&#8243; shift_x=&#8221;0&#8243; shift_y=&#8221;0&#8243; z_index=&#8221;0&#8243; width=&#8221;1\/1&#8243;][vc_custom_heading heading_semantic=&#8221;p&#8221; text_size=&#8221;h4&#8243; text_height=&#8221;fontheight-357766&#8243; text_space=&#8221;fontspace-781688&#8243; text_font=&#8221;font-439106&#8243; text_weight=&#8221;300&#8243; separator=&#8221;yes&#8221;]The 18th century was the golden age of the mandolin. The ensemble Artemandoline presents world premiere recordings of forgotten masterpieces written in Florence and Rome for mandolin and basso continuo. A music full of energy, beauty and virtuosity.<\/p>\n<p>The works that are featured on the present disc were all written during an extremely fertile period in the history of the mandolin. The inventive inquisitiveness of Baroque musicians took them in the direction of the subtlest of sonorities, and no sound was more subtle than that of the mandolin.<\/p>\n<p>This brings us to the end of our fascinating exploration of the world of the Italian Baroque. The works by Capponi, Romaldi and Susier have long been familiar to the Baroque ensemble Artemandoline, and their performances come up to the very highest expectations.<\/p>\n<p>This unpublished music has been overshadowed for far too long but will impress its present-day listeners with its blend of grandeur and charm, qualities that its performers have brought to light to perfection.<\/p>\n<p>This ambitious program is magnificently interpreted and well calculated to seduce its listeners. The Italian sonata constitutes an independent genre in the musical life of this period and quickly became an integral part of court entertainments in the palaces of the peninsula.[\/vc_custom_heading][\/vc_column_inner][\/vc_row_inner][vc_row_inner row_inner_height_percent=&#8221;0&#8243; overlay_alpha=&#8221;50&#8243; gutter_size=&#8221;3&#8243; shift_y=&#8221;0&#8243; css=&#8221;.vc_custom_1495643742414{margin-top: 30px !important;}&#8221;][vc_column_inner column_width_percent=&#8221;100&#8243; gutter_size=&#8221;3&#8243; overlay_alpha=&#8221;50&#8243; medium_width=&#8221;0&#8243; mobile_width=&#8221;0&#8243; shift_x=&#8221;0&#8243; shift_y=&#8221;0&#8243; z_index=&#8221;0&#8243; width=&#8221;1\/1&#8243;][vc_custom_heading heading_semantic=&#8221;p&#8221; text_size=&#8221;h4&#8243; text_height=&#8221;fontheight-357766&#8243; text_space=&#8221;fontspace-781688&#8243; text_font=&#8221;font-439106&#8243; text_weight=&#8221;300&#8243;]<strong>Artemandoline<br \/>\n<\/strong><\/p>\n<p>&#8211;<\/p>\n<p><strong>Juan Carlos Mu\u00f1oz &amp; Mari Fe Pav\u00f3n<\/strong>, <em>baroque mandolins <\/em><\/p>\n<p><strong>Manuel Mu\u00f1oz<\/strong>, <em>baroque guitar<\/em><\/p>\n<p><strong>Ulrik Gaston Larsen<\/strong>, <em>theorbo<\/em><\/p>\n<p><strong>Oleguer Aymam\u00ed<\/strong>, <em>cello<\/em><\/p>\n<p><strong>Jean-Daniel Haro<\/strong>, <em>double-bass &amp; violone<\/em><\/p>\n<p><strong>Ralf Waldner<\/strong>, <em>organ &amp; harpsichord<\/em>[\/vc_custom_heading][\/vc_column_inner][\/vc_row_inner][vc_row_inner row_inner_height_percent=&#8221;0&#8243; overlay_alpha=&#8221;50&#8243; gutter_size=&#8221;3&#8243; shift_y=&#8221;0&#8243; css=&#8221;.vc_custom_1495650198351{margin-top: 0px !important;}&#8221;][vc_column_inner column_width_percent=&#8221;100&#8243; gutter_size=&#8221;3&#8243; overlay_alpha=&#8221;50&#8243; medium_width=&#8221;0&#8243; mobile_width=&#8221;0&#8243; shift_x=&#8221;0&#8243; shift_y=&#8221;0&#8243; z_index=&#8221;0&#8243; width=&#8221;1\/1&#8243;][\/vc_column_inner][\/vc_row_inner][\/vc_column][\/vc_row][vc_row row_height_percent=&#8221;0&#8243; override_padding=&#8221;yes&#8221; h_padding=&#8221;2&#8243; top_padding=&#8221;3&#8243; bottom_padding=&#8221;3&#8243; overlay_alpha=&#8221;50&#8243; gutter_size=&#8221;3&#8243; desktop_visibility=&#8221;yes&#8221; medium_visibility=&#8221;yes&#8221; mobile_visibility=&#8221;yes&#8221; shift_y=&#8221;0&#8243;][vc_column column_width_percent=&#8221;100&#8243; overlay_alpha=&#8221;50&#8243; gutter_size=&#8221;3&#8243; medium_width=&#8221;0&#8243; mobile_width=&#8221;0&#8243; shift_x=&#8221;0&#8243; shift_y=&#8221;0&#8243; z_index=&#8221;0&#8243; css_animation=&#8221;top-t-bottom&#8221; animation_delay=&#8221;300&#8243; width=&#8221;1\/1&#8243;][vc_row_inner][vc_column_inner column_width_percent=&#8221;100&#8243; align_horizontal=&#8221;align_center&#8221; style=&#8221;light&#8221; gutter_size=&#8221;3&#8243; overlay_alpha=&#8221;50&#8243; medium_width=&#8221;0&#8243; mobile_width=&#8221;0&#8243; shift_x=&#8221;0&#8243; shift_y=&#8221;0&#8243; z_index=&#8221;0&#8243; width=&#8221;1\/1&#8243;][vc_custom_heading text_size=&#8221;h5&#8243; text_space=&#8221;fontspace-210350&#8243; text_font=&#8221;font-409872&#8243; text_weight=&#8221;400&#8243; text_transform=&#8221;uppercase&#8221;]CRITIQUE[\/vc_custom_heading][\/vc_column_inner][\/vc_row_inner][vc_row_inner][vc_column_inner column_width_percent=&#8221;100&#8243; align_horizontal=&#8221;align_center&#8221; style=&#8221;light&#8221; gutter_size=&#8221;3&#8243; overlay_alpha=&#8221;50&#8243; medium_width=&#8221;0&#8243; mobile_width=&#8221;0&#8243; shift_x=&#8221;0&#8243; shift_y=&#8221;0&#8243; z_index=&#8221;0&#8243; width=&#8221;1\/1&#8243;][vc_custom_heading heading_semantic=&#8221;p&#8221; text_size=&#8221;h3&#8243; text_height=&#8221;fontheight-357766&#8243; text_space=&#8221;fontspace-781688&#8243; text_font=&#8221;font-439106&#8243; text_weight=&#8221;300&#8243; text_italic=&#8221;yes&#8221;]<em>[&#8230;]<\/em><strong><em>\u00a0<\/em><\/strong><em>Artemandoline, l\u2019un des meilleurs ensembles de mandolines au monde, joue sur ce cd essentiellement de la musique italienne. La fra\u00eecheur inspir\u00e9e et la virtuosit\u00e9 \u00e9tincelante sont fascinantes. \u00c9videmment, cette ma\u00eetrise n&#8217;est pas le seul atout de ces interpr\u00e9tations, qui sont \u00e9galement puissamment expressives. <\/em>[\/vc_custom_heading][\/vc_column_inner][\/vc_row_inner][vc_row_inner row_inner_height_percent=&#8221;0&#8243; overlay_alpha=&#8221;50&#8243; gutter_size=&#8221;3&#8243; shift_y=&#8221;0&#8243;][vc_column_inner column_width_percent=&#8221;100&#8243; align_horizontal=&#8221;align_center&#8221; style=&#8221;light&#8221; gutter_size=&#8221;3&#8243; overlay_alpha=&#8221;50&#8243; medium_width=&#8221;0&#8243; mobile_width=&#8221;0&#8243; shift_x=&#8221;0&#8243; shift_y=&#8221;0&#8243; z_index=&#8221;0&#8243; width=&#8221;1\/1&#8243;][vc_custom_heading heading_semantic=&#8221;p&#8221; text_size=&#8221;h5&#8243; text_height=&#8221;fontheight-357766&#8243; text_space=&#8221;fontspace-781688&#8243; text_font=&#8221;font-439106&#8243; text_weight=&#8221;300&#8243; text_italic=&#8221;yes&#8221;]<strong>Pizzicato Revue<\/strong>, <em>Remy Franck<br \/>\n<\/em>[\/vc_custom_heading][\/vc_column_inner][\/vc_row_inner][\/vc_column][\/vc_row][vc_row row_height_percent=&#8221;0&#8243; override_padding=&#8221;yes&#8221; h_padding=&#8221;2&#8243; top_padding=&#8221;2&#8243; bottom_padding=&#8221;2&#8243; overlay_alpha=&#8221;50&#8243; gutter_size=&#8221;3&#8243; shift_y=&#8221;0&#8243;][vc_column column_width_percent=&#8221;100&#8243; align_horizontal=&#8221;align_center&#8221; overlay_alpha=&#8221;50&#8243; gutter_size=&#8221;3&#8243; medium_width=&#8221;0&#8243; mobile_width=&#8221;0&#8243; shift_x=&#8221;0&#8243; shift_y=&#8221;0&#8243; z_index=&#8221;0&#8243; width=&#8221;1\/1&#8243;][vc_button button_color=&#8221;accent&#8221; radius=&#8221;btn-circle&#8221; border_animation=&#8221;btn-ripple-out&#8221; outline=&#8221;yes&#8221; css_animation=&#8221;alpha-anim&#8221; link=&#8221;url:https%3A%2F%2Fwww.artemandoline.com%2Fen%2Fdiscography%2F|||&#8221;]BACK[\/vc_button][\/vc_column][\/vc_row]<\/p>\n","protected":false},"excerpt":{"rendered":"<p>[vc_row row_height_percent=&#8221;0&#8243; override_padding=&#8221;yes&#8221; h_padding=&#8221;2&#8243; top_padding=&#8221;5&#8243; bottom_padding=&#8221;2&#8243; back_color=&#8221;color-lxmt&#8221; overlay_alpha=&#8221;50&#8243; gutter_size=&#8221;3&#8243; shift_y=&#8221;0&#8243;][vc_column width=&#8221;1\/1&#8243;][vc_row_inner row_inner_height_percent=&#8221;0&#8243; overlay_alpha=&#8221;50&#8243; gutter_size=&#8221;3&#8243; shift_y=&#8221;0&#8243; css=&#8221;.vc_custom_1493810151195{margin-top: 10px !important;}&#8221;][vc_column_inner column_width_percent=&#8221;100&#8243; align_horizontal=&#8221;align_center&#8221; [&hellip;]<\/p>\n","protected":false},"author":1,"featured_media":0,"parent":58625,"menu_order":0,"comment_status":"closed","ping_status":"closed","template":"","meta":[],"_links":{"self":[{"href":"https:\/\/www.artemandoline.com\/en\/wp-json\/wp\/v2\/pages\/59266"}],"collection":[{"href":"https:\/\/www.artemandoline.com\/en\/wp-json\/wp\/v2\/pages"}],"about":[{"href":"https:\/\/www.artemandoline.com\/en\/wp-json\/wp\/v2\/types\/page"}],"author":[{"embeddable":true,"href":"https:\/\/www.artemandoline.com\/en\/wp-json\/wp\/v2\/users\/1"}],"replies":[{"embeddable":true,"href":"https:\/\/www.artemandoline.com\/en\/wp-json\/wp\/v2\/comments?post=59266"}],"version-history":[{"count":3,"href":"https:\/\/www.artemandoline.com\/en\/wp-json\/wp\/v2\/pages\/59266\/revisions"}],"predecessor-version":[{"id":59321,"href":"https:\/\/www.artemandoline.com\/en\/wp-json\/wp\/v2\/pages\/59266\/revisions\/59321"}],"up":[{"embeddable":true,"href":"https:\/\/www.artemandoline.com\/en\/wp-json\/wp\/v2\/pages\/58625"}],"wp:attachment":[{"href":"https:\/\/www.artemandoline.com\/en\/wp-json\/wp\/v2\/media?parent=59266"}],"curies":[{"name":"wp","href":"https:\/\/api.w.org\/{rel}","templated":true}]}}